{"id":663,"date":"2025-08-24T14:56:44","date_gmt":"2025-08-24T14:56:44","guid":{"rendered":"https:\/\/palegreen-trout-404748.hostingersite.com\/contact\/"},"modified":"2025-10-06T01:26:56","modified_gmt":"2025-10-06T01:26:56","slug":"contacto-cesflors-madrid","status":"publish","type":"page","link":"https:\/\/cesflors.es\/en\/contacto-cesflors-madrid\/","title":{"rendered":"Contacto"},"content":{"rendered":"\t\t<div data-elementor-type=\"wp-post\" data-elementor-id=\"663\" class=\"elementor elementor-663\" data-elementor-post-type=\"page\">\n\t\t\t\t<div class=\"elementor-element elementor-element-1435cf9 e-flex e-con-boxed e-con e-parent\" data-id=\"1435cf9\" data-element_type=\"container\" data-e-type=\"container\" data-settings=\"{&quot;background_background&quot;:&quot;classic&quot;}\">\n\t\t\t\t\t<div class=\"e-con-inner\">\n\t\t<div class=\"elementor-element elementor-element-b9e11fe e-con-full e-flex e-con e-child\" data-id=\"b9e11fe\" data-element_type=\"container\" data-e-type=\"container\">\n\t\t\t\t<div class=\"elementor-element elementor-element-75307fb elementor-widget elementor-widget-heading\" data-id=\"75307fb\" data-element_type=\"widget\" data-e-type=\"widget\" data-widget_type=\"heading.default\">\n\t\t\t\t\t<h5 class=\"elementor-heading-title elementor-size-default\">Nuestro<\/h5>\t\t\t\t<\/div>\n\t\t\t\t<div class=\"elementor-element elementor-element-89d7328 elementor-widget elementor-widget-heading\" data-id=\"89d7328\" data-element_type=\"widget\" data-e-type=\"widget\" data-widget_type=\"heading.default\">\n\t\t\t\t\t<h1 class=\"elementor-heading-title elementor-size-default\">Contacto<\/h1>\t\t\t\t<\/div>\n\t\t\t\t<\/div>\n\t\t\t\t\t<\/div>\n\t\t\t\t<\/div>\n\t\t<div class=\"elementor-element elementor-element-bc9fbb8 e-con-full e-flex e-con e-parent\" data-id=\"bc9fbb8\" data-element_type=\"container\" data-e-type=\"container\" data-settings=\"{&quot;background_background&quot;:&quot;classic&quot;}\">\n\t\t<div class=\"elementor-element elementor-element-c9d0c7e e-con-full e-flex e-con e-child\" data-id=\"c9d0c7e\" data-element_type=\"container\" data-e-type=\"container\">\n\t\t\t\t<div class=\"elementor-element elementor-element-eb87af3 elementor-widget elementor-widget-heading\" data-id=\"eb87af3\" data-element_type=\"widget\" data-e-type=\"widget\" data-widget_type=\"heading.default\">\n\t\t\t\t\t<h3 class=\"elementor-heading-title elementor-size-default\">Detalles de contacto<\/h3>\t\t\t\t<\/div>\n\t\t\t\t<div class=\"elementor-element elementor-element-253d960 elementor-widget-divider--view-line elementor-widget elementor-widget-divider\" data-id=\"253d960\" data-element_type=\"widget\" data-e-type=\"widget\" data-widget_type=\"divider.default\">\n\t\t\t\t\t\t\t<div class=\"elementor-divider\">\n\t\t\t<span class=\"elementor-divider-separator\">\n\t\t\t\t\t\t<\/span>\n\t\t<\/div>\n\t\t\t\t\t\t<\/div>\n\t\t\t\t<div class=\"elementor-element elementor-element-ceee312 elementor-icon-list--layout-traditional elementor-list-item-link-full_width elementor-widget elementor-widget-icon-list\" data-id=\"ceee312\" data-element_type=\"widget\" data-e-type=\"widget\" data-widget_type=\"icon-list.default\">\n\t\t\t\t\t\t\t<ul class=\"elementor-icon-list-items\">\n\t\t\t\t\t\t\t<li class=\"elementor-icon-list-item\">\n\t\t\t\t\t\t\t\t\t\t\t<span class=\"elementor-icon-list-icon\">\n\t\t\t\t\t\t\t<svg aria-hidden=\"true\" class=\"e-font-icon-svg e-fas-map-marker-alt\" viewBox=\"0 0 384 512\" xmlns=\"http:\/\/www.w3.org\/2000\/svg\"><path d=\"M172.268 501.67C26.97 291.031 0 269.413 0 192 0 85.961 85.961 0 192 0s192 85.961 192 192c0 77.413-26.97 99.031-172.268 309.67-9.535 13.774-29.93 13.773-39.464 0zM192 272c44.183 0 80-35.817 80-80s-35.817-80-80-80-80 35.817-80 80 35.817 80 80 80z\"><\/path><\/svg>\t\t\t\t\t\t<\/span>\n\t\t\t\t\t\t\t\t\t\t<span class=\"elementor-icon-list-text\">Calle de Toledo, 84, Local 2, Centro, 28005, Madrid<\/span>\n\t\t\t\t\t\t\t\t\t<\/li>\n\t\t\t\t\t\t\t\t<li class=\"elementor-icon-list-item\">\n\t\t\t\t\t\t\t\t\t\t\t<span class=\"elementor-icon-list-icon\">\n\t\t\t\t\t\t\t<svg aria-hidden=\"true\" class=\"e-font-icon-svg e-fas-phone\" viewBox=\"0 0 512 512\" xmlns=\"http:\/\/www.w3.org\/2000\/svg\"><path d=\"M493.4 24.6l-104-24c-11.3-2.6-22.9 3.3-27.5 13.9l-48 112c-4.2 9.8-1.4 21.3 6.9 28l60.6 49.6c-36 76.7-98.9 140.5-177.2 177.2l-49.6-60.6c-6.8-8.3-18.2-11.1-28-6.9l-112 48C3.9 366.5-2 378.1.6 389.4l24 104C27.1 504.2 36.7 512 48 512c256.1 0 464-207.5 464-464 0-11.2-7.7-20.9-18.6-23.4z\"><\/path><\/svg>\t\t\t\t\t\t<\/span>\n\t\t\t\t\t\t\t\t\t\t<span class=\"elementor-icon-list-text\">913 65 20 17<\/span>\n\t\t\t\t\t\t\t\t\t<\/li>\n\t\t\t\t\t\t\t\t<li class=\"elementor-icon-list-item\">\n\t\t\t\t\t\t\t\t\t\t\t<span class=\"elementor-icon-list-icon\">\n\t\t\t\t\t\t\t<svg aria-hidden=\"true\" class=\"e-font-icon-svg e-fas-envelope\" viewBox=\"0 0 512 512\" xmlns=\"http:\/\/www.w3.org\/2000\/svg\"><path d=\"M502.3 190.8c3.9-3.1 9.7-.2 9.7 4.7V400c0 26.5-21.5 48-48 48H48c-26.5 0-48-21.5-48-48V195.6c0-5 5.7-7.8 9.7-4.7 22.4 17.4 52.1 39.5 154.1 113.6 21.1 15.4 56.7 47.8 92.2 47.6 35.7.3 72-32.8 92.3-47.6 102-74.1 131.6-96.3 154-113.7zM256 320c23.2.4 56.6-29.2 73.4-41.4 132.7-96.3 142.8-104.7 173.4-128.7 5.8-4.5 9.2-11.5 9.2-18.9v-19c0-26.5-21.5-48-48-48H48C21.5 64 0 85.5 0 112v19c0 7.4 3.4 14.3 9.2 18.9 30.6 23.9 40.7 32.4 173.4 128.7 16.8 12.2 50.2 41.8 73.4 41.4z\"><\/path><\/svg>\t\t\t\t\t\t<\/span>\n\t\t\t\t\t\t\t\t\t\t<span class=\"elementor-icon-list-text\">cesflors.mascotas.jardineria@gmail.com<\/span>\n\t\t\t\t\t\t\t\t\t<\/li>\n\t\t\t\t\t\t<\/ul>\n\t\t\t\t\t\t<\/div>\n\t\t\t\t<\/div>\n\t\t<div class=\"elementor-element elementor-element-d96242d e-con-full e-flex e-con e-child\" data-id=\"d96242d\" data-element_type=\"container\" data-e-type=\"container\">\n\t\t\t\t<div class=\"elementor-element elementor-element-5b0295d elementor-widget elementor-widget-heading\" data-id=\"5b0295d\" data-element_type=\"widget\" data-e-type=\"widget\" data-widget_type=\"heading.default\">\n\t\t\t\t\t<h3 class=\"elementor-heading-title elementor-size-default\">Envianos un mensaje<\/h3>\t\t\t\t<\/div>\n\t\t\t\t<div class=\"elementor-element elementor-element-27bda54 elementor-widget-divider--view-line elementor-widget elementor-widget-divider\" data-id=\"27bda54\" data-element_type=\"widget\" data-e-type=\"widget\" data-widget_type=\"divider.default\">\n\t\t\t\t\t\t\t<div class=\"elementor-divider\">\n\t\t\t<span class=\"elementor-divider-separator\">\n\t\t\t\t\t\t<\/span>\n\t\t<\/div>\n\t\t\t\t\t\t<\/div>\n\t\t\t\t<div class=\"elementor-element elementor-element-77fff61 elementor-widget elementor-widget-shortcode\" data-id=\"77fff61\" data-element_type=\"widget\" data-e-type=\"widget\" data-widget_type=\"shortcode.default\">\n\t\t\t\t\t\t\t<div class=\"elementor-shortcode\"><div class=\"wpforms-container \" id=\"wpforms-13\"><form id=\"wpforms-form-13\" class=\"wpforms-validate wpforms-form\" data-formid=\"13\" method=\"post\" enctype=\"multipart\/form-data\" action=\"\/en\/wp-json\/wp\/v2\/pages\/663\" data-token=\"726daeb2ba564c9c24d1335384034060\" data-token-time=\"1776484154\"><noscript class=\"wpforms-error-noscript\">Please enable JavaScript in your browser to complete this form.<\/noscript><div class=\"wpforms-field-container\"><div id=\"wpforms-13-field_0-container\" class=\"wpforms-field wpforms-field-name\" data-field-id=\"0\"><label class=\"wpforms-field-label\" for=\"wpforms-13-field_0\">Nombre <span class=\"wpforms-required-label\">*<\/span><\/label><input type=\"text\" id=\"wpforms-13-field_0\" class=\"wpforms-field-large wpforms-field-required\" name=\"wpforms[fields][0]\" required><\/div><div id=\"wpforms-13-field_1-container\" class=\"wpforms-field wpforms-field-email\" data-field-id=\"1\"><label class=\"wpforms-field-label\" for=\"wpforms-13-field_1\">Email <span class=\"wpforms-required-label\">*<\/span><\/label><input type=\"email\" id=\"wpforms-13-field_1\" class=\"wpforms-field-large wpforms-field-required\" name=\"wpforms[fields][1]\" spellcheck=\"false\" required><\/div><div id=\"wpforms-13-field_4-container\" class=\"wpforms-field wpforms-field-checkbox\" data-field-id=\"4\"><ul id=\"wpforms-13-field_4\"><li class=\"choice-1 depth-1\"><input type=\"checkbox\" id=\"wpforms-13-field_4_1\" name=\"wpforms[fields][4][]\" value=\"He le\u00eddo y acepto la &lt;a href=&quot;\/politica-de-privacidad&quot;&gt;Pol\u00edtica de Privacidad&lt;\/a&gt;\"  ><label class=\"wpforms-field-label-inline\" for=\"wpforms-13-field_4_1\">He le\u00eddo y acepto la <a href=\"\/politica-de-privacidad\">Pol\u00edtica de Privacidad<\/a><\/label><\/li><\/ul><\/div><div id=\"wpforms-13-field_2-container\" class=\"wpforms-field wpforms-field-textarea\" data-field-id=\"2\"><label class=\"wpforms-field-label\" for=\"wpforms-13-field_2\">Mensaje<\/label><textarea id=\"wpforms-13-field_2\" class=\"wpforms-field-medium\" name=\"wpforms[fields][2]\" ><\/textarea><\/div><\/div><!-- .wpforms-field-container --><div class=\"wpforms-field wpforms-field-hp\"><label for=\"wpforms-13-field-hp\" class=\"wpforms-field-label\">Message<\/label><input type=\"text\" name=\"wpforms[hp]\" id=\"wpforms-13-field-hp\" class=\"wpforms-field-medium\"><\/div><div class=\"wpforms-submit-container\" ><input type=\"hidden\" name=\"wpforms[id]\" value=\"13\"><input type=\"hidden\" name=\"page_title\" value=\"\"><input type=\"hidden\" name=\"page_url\" value=\"https:\/\/cesflors.es\/en\/wp-json\/wp\/v2\/pages\/663\"><input type=\"hidden\" name=\"url_referer\" value=\"\"><button type=\"submit\" name=\"wpforms[submit]\" id=\"wpforms-submit-13\" class=\"wpforms-submit\" data-alt-text=\"Enviando...\" data-submit-text=\"Enviar mensaje\" aria-live=\"assertive\" value=\"wpforms-submit\">Enviar mensaje<\/button><\/div><\/form><\/div>  <!-- .wpforms-container -->\t<\/div>\n\t\t\t\t\t\t<\/div>\n\t\t\t\t<\/div>\n\t\t<div class=\"elementor-element elementor-element-6181166 e-con-full e-flex e-con e-child\" data-id=\"6181166\" data-element_type=\"container\" data-e-type=\"container\">\n\t\t\t\t<div class=\"elementor-element elementor-element-733308c elementor-widget elementor-widget-heading\" data-id=\"733308c\" data-element_type=\"widget\" data-e-type=\"widget\" data-widget_type=\"heading.default\">\n\t\t\t\t\t<h3 class=\"elementor-heading-title elementor-size-default\">Ub\u00edcanos<\/h3>\t\t\t\t<\/div>\n\t\t\t\t<div class=\"elementor-element elementor-element-be48835 elementor-widget-divider--view-line elementor-widget elementor-widget-divider\" data-id=\"be48835\" data-element_type=\"widget\" data-e-type=\"widget\" data-widget_type=\"divider.default\">\n\t\t\t\t\t\t\t<div class=\"elementor-divider\">\n\t\t\t<span class=\"elementor-divider-separator\">\n\t\t\t\t\t\t<\/span>\n\t\t<\/div>\n\t\t\t\t\t\t<\/div>\n\t\t\t\t<div class=\"elementor-element elementor-element-cffb4a0 elementor-widget elementor-widget-google_maps\" data-id=\"cffb4a0\" data-element_type=\"widget\" data-e-type=\"widget\" data-widget_type=\"google_maps.default\">\n\t\t\t\t\t\t\t<div class=\"elementor-custom-embed\">\n\t\t\t<iframe loading=\"lazy\"\n\t\t\t\t\tsrc=\"https:\/\/maps.google.com\/maps?q=Calle%20de%20Toledo%2C%2084%2C%20Local%202%2C%20Centro%2C%2028005%2C%20Madrid&#038;t=m&#038;z=14&#038;output=embed&#038;iwloc=near\"\n\t\t\t\t\ttitle=\"Calle de Toledo, 84, Local 2, Centro, 28005, Madrid\"\n\t\t\t\t\taria-label=\"Calle de Toledo, 84, Local 2, Centro, 28005, Madrid\"\n\t\t\t><\/iframe>\n\t\t<\/div>\n\t\t\t\t\t\t<\/div>\n\t\t\t\t<\/div>\n\t\t\t\t<\/div>\n\t\t\t\t<\/div>\n\t\t","protected":false},"excerpt":{"rendered":"<p>Nuestro Contacto Detalles de contacto Calle de Toledo, 84, Local 2, Centro, 28005, Madrid 913 65 20 17 cesflors.mascotas.jardineria@gmail.com Envianos un mensaje Ub\u00edcanos<\/p>","protected":false},"author":1,"featured_media":0,"parent":0,"menu_order":0,"comment_status":"closed","ping_status":"closed","template":"","meta":{"site-sidebar-layout":"no-sidebar","site-content-layout":"page-builder","ast-site-content-layout":"full-width-container","site-content-style":"unboxed","site-sidebar-style":"unboxed","ast-global-header-display":"","ast-banner-title-visibility":"","ast-main-header-display":"","ast-hfb-above-header-display":"","ast-hfb-below-header-display":"","ast-hfb-mobile-header-display":"","site-post-title":"disabled","ast-breadcrumbs-content":"","ast-featured-img":"disabled","footer-sml-layout":"","theme-transparent-header-meta":"enabled","adv-header-id-meta":"","stick-header-meta":"","header-above-stick-meta":"","header-main-stick-meta":"","header-below-stick-meta":"","astra-migrate-meta-layouts":"set","ast-page-background-enabled":"default","ast-page-background-meta":{"desktop":{"background-color":"","background-image":"","background-repeat":"repeat","background-position":"center center","background-size":"auto","background-attachment":"scroll","background-type":"","background-media":"","overlay-type":"","overlay-color":"","overlay-opacity":"","overlay-gradient":""},"tablet":{"background-color":"","background-image":"","background-repeat":"repeat","background-position":"center center","background-size":"auto","background-attachment":"scroll","background-type":"","background-media":"","overlay-type":"","overlay-color":"","overlay-opacity":"","overlay-gradient":""},"mobile":{"background-color":"","background-image":"","background-repeat":"repeat","background-position":"center center","background-size":"auto","background-attachment":"scroll","background-type":"","background-media":"","overlay-type":"","overlay-color":"","overlay-opacity":"","overlay-gradient":""}},"ast-content-background-meta":{"desktop":{"background-color":"var(--ast-global-color-5)","background-image":"","background-repeat":"repeat","background-position":"center center","background-size":"auto","background-attachment":"scroll","background-type":"","background-media":"","overlay-type":"","overlay-color":"","overlay-opacity":"","overlay-gradient":""},"tablet":{"background-color":"var(--ast-global-color-5)","background-image":"","background-repeat":"repeat","background-position":"center center","background-size":"auto","background-attachment":"scroll","background-type":"","background-media":"","overlay-type":"","overlay-color":"","overlay-opacity":"","overlay-gradient":""},"mobile":{"background-color":"var(--ast-global-color-5)","background-image":"","background-repeat":"repeat","background-position":"center center","background-size":"auto","background-attachment":"scroll","background-type":"","background-media":"","overlay-type":"","overlay-color":"","overlay-opacity":"","overlay-gradient":""}},"footnotes":""},"class_list":["post-663","page","type-page","status-publish","hentry"],"yoast_head":"<!-- This site is optimized with the Yoast SEO plugin v27.4 - https:\/\/yoast.com\/product\/yoast-seo-wordpress\/ -->\n<title>contacto Cesflors Madrid | Mascotas y jardiner\u00eda<\/title>\n<meta name=\"description\" content=\"Contacto Cesflors Madrid por WhatsApp, email o tel\u00e9fono. Respuesta r\u00e1pida para pedidos y dudas de jardiner\u00eda y acuario.\" \/>\n<meta name=\"robots\" content=\"index, follow, max-snippet:-1, max-image-preview:large, max-video-preview:-1\" \/>\n<link rel=\"canonical\" href=\"https:\/\/cesflors.es\/en\/contacto-cesflors-madrid\/\" \/>\n<meta property=\"og:locale\" content=\"en_GB\" \/>\n<meta property=\"og:type\" content=\"article\" \/>\n<meta property=\"og:title\" content=\"contacto Cesflors Madrid | Mascotas y jardiner\u00eda\" \/>\n<meta property=\"og:description\" content=\"Contacto Cesflors Madrid por WhatsApp, email o tel\u00e9fono. Respuesta r\u00e1pida para pedidos y dudas de jardiner\u00eda y acuario.\" \/>\n<meta property=\"og:url\" content=\"https:\/\/cesflors.es\/en\/contacto-cesflors-madrid\/\" \/>\n<meta property=\"og:site_name\" content=\"Cesflors\" \/>\n<meta property=\"article:publisher\" content=\"https:\/\/www.facebook.com\/cesflors\/\" \/>\n<meta property=\"article:modified_time\" content=\"2025-10-06T01:26:56+00:00\" \/>\n<meta name=\"twitter:card\" content=\"summary_large_image\" \/>\n<meta name=\"twitter:label1\" content=\"Estimated reading time\" \/>\n\t<meta name=\"twitter:data1\" content=\"1 minute\" \/>\n<script type=\"application\/ld+json\" class=\"yoast-schema-graph\">{\"@context\":\"https:\\\/\\\/schema.org\",\"@graph\":[{\"@type\":\"WebPage\",\"@id\":\"https:\\\/\\\/cesflors.es\\\/contacto-cesflors-madrid\\\/\",\"url\":\"https:\\\/\\\/cesflors.es\\\/contacto-cesflors-madrid\\\/\",\"name\":\"contacto Cesflors Madrid | Mascotas y jardiner\u00eda\",\"isPartOf\":{\"@id\":\"https:\\\/\\\/cesflors.es\\\/#website\"},\"datePublished\":\"2025-08-24T14:56:44+00:00\",\"dateModified\":\"2025-10-06T01:26:56+00:00\",\"description\":\"Contacto Cesflors Madrid por WhatsApp, email o tel\u00e9fono. Respuesta r\u00e1pida para pedidos y dudas de jardiner\u00eda y acuario.\",\"breadcrumb\":{\"@id\":\"https:\\\/\\\/cesflors.es\\\/contacto-cesflors-madrid\\\/#breadcrumb\"},\"inLanguage\":\"en-GB\",\"potentialAction\":[{\"@type\":\"ReadAction\",\"target\":[\"https:\\\/\\\/cesflors.es\\\/contacto-cesflors-madrid\\\/\"]}]},{\"@type\":\"BreadcrumbList\",\"@id\":\"https:\\\/\\\/cesflors.es\\\/contacto-cesflors-madrid\\\/#breadcrumb\",\"itemListElement\":[{\"@type\":\"ListItem\",\"position\":1,\"name\":\"Portada\",\"item\":\"https:\\\/\\\/cesflors.es\\\/\"},{\"@type\":\"ListItem\",\"position\":2,\"name\":\"Contacto\"}]},{\"@type\":\"WebSite\",\"@id\":\"https:\\\/\\\/cesflors.es\\\/#website\",\"url\":\"https:\\\/\\\/cesflors.es\\\/\",\"name\":\"Cesflors\",\"description\":\"\",\"publisher\":{\"@id\":\"https:\\\/\\\/cesflors.es\\\/#organization\"},\"potentialAction\":[{\"@type\":\"SearchAction\",\"target\":{\"@type\":\"EntryPoint\",\"urlTemplate\":\"https:\\\/\\\/cesflors.es\\\/?s={search_term_string}\"},\"query-input\":{\"@type\":\"PropertyValueSpecification\",\"valueRequired\":true,\"valueName\":\"search_term_string\"}}],\"inLanguage\":\"en-GB\"},{\"@type\":\"Organization\",\"@id\":\"https:\\\/\\\/cesflors.es\\\/#organization\",\"name\":\"Cesflors\",\"url\":\"https:\\\/\\\/cesflors.es\\\/\",\"logo\":{\"@type\":\"ImageObject\",\"inLanguage\":\"en-GB\",\"@id\":\"https:\\\/\\\/cesflors.es\\\/#\\\/schema\\\/logo\\\/image\\\/\",\"url\":\"https:\\\/\\\/cesflors.es\\\/wp-content\\\/uploads\\\/2025\\\/08\\\/472487890_1128887884908367_5677112287569432712_n-1.jpg\",\"contentUrl\":\"https:\\\/\\\/cesflors.es\\\/wp-content\\\/uploads\\\/2025\\\/08\\\/472487890_1128887884908367_5677112287569432712_n-1.jpg\",\"width\":150,\"height\":150,\"caption\":\"Cesflors\"},\"image\":{\"@id\":\"https:\\\/\\\/cesflors.es\\\/#\\\/schema\\\/logo\\\/image\\\/\"},\"sameAs\":[\"https:\\\/\\\/www.facebook.com\\\/cesflors\\\/\"]}]}<\/script>\n<!-- \/ Yoast SEO plugin. -->","yoast_head_json":{"title":"contacto Cesflors Madrid | Mascotas y jardiner\u00eda","description":"Contacto Cesflors Madrid por WhatsApp, email o tel\u00e9fono. Respuesta r\u00e1pida para pedidos y dudas de jardiner\u00eda y acuario.","robots":{"index":"index","follow":"follow","max-snippet":"max-snippet:-1","max-image-preview":"max-image-preview:large","max-video-preview":"max-video-preview:-1"},"canonical":"https:\/\/cesflors.es\/en\/contacto-cesflors-madrid\/","og_locale":"en_GB","og_type":"article","og_title":"contacto Cesflors Madrid | Mascotas y jardiner\u00eda","og_description":"Contacto Cesflors Madrid por WhatsApp, email o tel\u00e9fono. Respuesta r\u00e1pida para pedidos y dudas de jardiner\u00eda y acuario.","og_url":"https:\/\/cesflors.es\/en\/contacto-cesflors-madrid\/","og_site_name":"Cesflors","article_publisher":"https:\/\/www.facebook.com\/cesflors\/","article_modified_time":"2025-10-06T01:26:56+00:00","twitter_card":"summary_large_image","twitter_misc":{"Estimated reading time":"1 minute"},"schema":{"@context":"https:\/\/schema.org","@graph":[{"@type":"WebPage","@id":"https:\/\/cesflors.es\/contacto-cesflors-madrid\/","url":"https:\/\/cesflors.es\/contacto-cesflors-madrid\/","name":"contacto Cesflors Madrid | Mascotas y jardiner\u00eda","isPartOf":{"@id":"https:\/\/cesflors.es\/#website"},"datePublished":"2025-08-24T14:56:44+00:00","dateModified":"2025-10-06T01:26:56+00:00","description":"Contacto Cesflors Madrid por WhatsApp, email o tel\u00e9fono. Respuesta r\u00e1pida para pedidos y dudas de jardiner\u00eda y acuario.","breadcrumb":{"@id":"https:\/\/cesflors.es\/contacto-cesflors-madrid\/#breadcrumb"},"inLanguage":"en-GB","potentialAction":[{"@type":"ReadAction","target":["https:\/\/cesflors.es\/contacto-cesflors-madrid\/"]}]},{"@type":"BreadcrumbList","@id":"https:\/\/cesflors.es\/contacto-cesflors-madrid\/#breadcrumb","itemListElement":[{"@type":"ListItem","position":1,"name":"Portada","item":"https:\/\/cesflors.es\/"},{"@type":"ListItem","position":2,"name":"Contacto"}]},{"@type":"WebSite","@id":"https:\/\/cesflors.es\/#website","url":"https:\/\/cesflors.es\/","name":"Cesflors","description":"","publisher":{"@id":"https:\/\/cesflors.es\/#organization"},"potentialAction":[{"@type":"SearchAction","target":{"@type":"EntryPoint","urlTemplate":"https:\/\/cesflors.es\/?s={search_term_string}"},"query-input":{"@type":"PropertyValueSpecification","valueRequired":true,"valueName":"search_term_string"}}],"inLanguage":"en-GB"},{"@type":"Organization","@id":"https:\/\/cesflors.es\/#organization","name":"Cesflors","url":"https:\/\/cesflors.es\/","logo":{"@type":"ImageObject","inLanguage":"en-GB","@id":"https:\/\/cesflors.es\/#\/schema\/logo\/image\/","url":"https:\/\/cesflors.es\/wp-content\/uploads\/2025\/08\/472487890_1128887884908367_5677112287569432712_n-1.jpg","contentUrl":"https:\/\/cesflors.es\/wp-content\/uploads\/2025\/08\/472487890_1128887884908367_5677112287569432712_n-1.jpg","width":150,"height":150,"caption":"Cesflors"},"image":{"@id":"https:\/\/cesflors.es\/#\/schema\/logo\/image\/"},"sameAs":["https:\/\/www.facebook.com\/cesflors\/"]}]}},"_links":{"self":[{"href":"https:\/\/cesflors.es\/en\/wp-json\/wp\/v2\/pages\/663","targetHints":{"allow":["GET"]}}],"collection":[{"href":"https:\/\/cesflors.es\/en\/wp-json\/wp\/v2\/pages"}],"about":[{"href":"https:\/\/cesflors.es\/en\/wp-json\/wp\/v2\/types\/page"}],"author":[{"embeddable":true,"href":"https:\/\/cesflors.es\/en\/wp-json\/wp\/v2\/users\/1"}],"replies":[{"embeddable":true,"href":"https:\/\/cesflors.es\/en\/wp-json\/wp\/v2\/comments?post=663"}],"version-history":[{"count":11,"href":"https:\/\/cesflors.es\/en\/wp-json\/wp\/v2\/pages\/663\/revisions"}],"predecessor-version":[{"id":1307,"href":"https:\/\/cesflors.es\/en\/wp-json\/wp\/v2\/pages\/663\/revisions\/1307"}],"wp:attachment":[{"href":"https:\/\/cesflors.es\/en\/wp-json\/wp\/v2\/media?parent=663"}],"curies":[{"name":"wp","href":"https:\/\/api.w.org\/{rel}","templated":true}]}}